{"id":2,"date":"2018-01-28T19:17:42","date_gmt":"2018-01-28T23:17:42","guid":{"rendered":"http:\/\/np3ir.com\/?page_id=2"},"modified":"2019-04-17T16:58:19","modified_gmt":"2019-04-17T20:58:19","slug":"about","status":"publish","type":"page","link":"http:\/\/np3ir.com\/?page_id=2","title":{"rendered":"Acerca de Mi"},"content":{"rendered":"<h3>\u00bfQuien soy?<\/h3>\n<p>Comenc\u00e9 en la radio en el 1992, en el mundo del CB, (Banda Ciudadana) pero r\u00e1pidamente me interes\u00f3 el poder hacer comunicados de largo alcance y empece a investigar como llegar a hablar con lugares distantes. As\u00ed que en 1996, obtuve mi primera licencia, Technician, en Diciembre 11, 1996, como NP3IR. Para mi un logro, estuve activo en las bandas de 2 metros solamente, como hasta el 2001. Para este a\u00f1o logre comprar un radio multi-bandas y antenas para 6 y 2 metros.<\/p>\n<p>Comenz\u00f3 la aventura en la \u201cbanda m\u00e1gica\u201d. Los 6 metros pueden estar llenos de frustraci\u00f3n ya que es una banda de apertura extra\u00f1a, como dicen los expertos, en ocasiones no necesitas mas que 5 watts para trabajar un DX, en otras un 1KW y en las mas extra\u00f1as escucharas el DX pero no te escucharan.<\/p>\n<p>He trabajado varias estaciones en DX que para mi no era posible, como TR8XX en Gab\u00f3n, \u00c1frica, una pena que no tengo el QSL confirmando (confirmado via LOTW). Otro con 8R1K, en Guyana, que para mi es un lugar ex\u00f3tico. Disfrutando un poco de lo que es la radio me enamore mas del hobby. Pero por razones fuera de mi voluntad tuve que dejar de hacer radio un tiempo. Ese tiempo si hizo eterno siempre a\u00f1orando volver a sentarme a hacer radio, nunca perdiendo el contacto por completo. me toco renovar mi licencia por primera vez. A\u00f1o 2006 como vuela el tiempo. Desapareci\u00f3 el CW, como requisito, en alg\u00fan momento y contrario al miedo de mucho el modo se hizo mas fuerte y mas escuchado en las bandas que en muchos a\u00f1os. Lamento decir que nunca he podido dominarle. Pero admiro a quien lo pudo y a quienes podr\u00e1n hacerlo. En el 2010 por fin se dan las condiciones, muy a mi pesar, adoro el hobby pero esas condiciones de tener mas tiempo para estudiar no eran las que quer\u00eda, y pude hacer mi \u201cupgrade\u201d a General y lo completo en Diciembre 18, 2010.<\/p>\n<p>Comenz\u00f3 la nueva aventura al hacer \u201cupgrade\u201d a General, empec\u00e9 a experimentar en las bandas bajas, y as\u00ed empece a contactar a diferentes colegas en otros pa\u00edses, los contactos de largo alcance (DX) se han vuelto una adicci\u00f3n de todos los dia. Junto con los modos digitales ya he trabajado mas de 100 pa\u00edses o entidades confirmadas v\u00eda LOTW. Pero aun quedando \u00e1reas de las bandas de los radioaficionados sin poder trabaja decid\u00ed hacer mi \u201cupgrade\u201d a Amateur Extra y en Junio del 2012 complete el proceso. Ahora con todos los privilegios de un radioaficionado me encanta hacer experimentar con los modos digitales, participar en todos los concursos de los diferentes modos. El DX sigue teniendo su magia al igual que la banda de los 6 metros.<\/p>\n<p>Espero que si me escuchas, puedas trabajarme.<\/p>\n<p>En esta pagina tratare temas de radioaficionados. Expondr\u00e9 informaci\u00f3n acerca del hobby, como las actividades en todo el espectro y fuera de el mismo. Dar\u00e9 mi opini\u00f3n sobre los diferentes sucesos a trav\u00e9s del mundo de este maravilloso mundo.<\/p>\n<div align=\"center\"><iframe loading=\"lazy\" src=\"https:\/\/www.youtube.com\/embed\/HJ78icT8yoI\" width=\"700\" height=\"700\" frameborder=\"0\" allowfullscreen=\"allowfullscreen\"><\/iframe>&nbsp;<\/div>\n","protected":false},"excerpt":{"rendered":"<p>\u00bfQuien soy? Comenc\u00e9 en la radio en el 1992, en el mundo del CB, (Banda Ciudadana) pero r\u00e1pidamente me interes\u00f3&hellip;<\/p>\n","protected":false},"author":1,"featured_media":0,"parent":0,"menu_order":0,"comment_status":"closed","ping_status":"closed","template":"","meta":{"jetpack_post_was_ever_published":false,"footnotes":""},"class_list":["post-2","page","type-page","status-publish","hentry"],"jetpack_sharing_enabled":true,"jetpack_shortlink":"https:\/\/wp.me\/P1kHIn-2","jetpack_likes_enabled":true,"jetpack-related-posts":[],"_links":{"self":[{"href":"http:\/\/np3ir.com\/index.php?rest_route=\/wp\/v2\/pages\/2","targetHints":{"allow":["GET"]}}],"collection":[{"href":"http:\/\/np3ir.com\/index.php?rest_route=\/wp\/v2\/pages"}],"about":[{"href":"http:\/\/np3ir.com\/index.php?rest_route=\/wp\/v2\/types\/page"}],"author":[{"embeddable":true,"href":"http:\/\/np3ir.com\/index.php?rest_route=\/wp\/v2\/users\/1"}],"replies":[{"embeddable":true,"href":"http:\/\/np3ir.com\/index.php?rest_route=%2Fwp%2Fv2%2Fcomments&post=2"}],"version-history":[{"count":9,"href":"http:\/\/np3ir.com\/index.php?rest_route=\/wp\/v2\/pages\/2\/revisions"}],"predecessor-version":[{"id":357,"href":"http:\/\/np3ir.com\/index.php?rest_route=\/wp\/v2\/pages\/2\/revisions\/357"}],"wp:attachment":[{"href":"http:\/\/np3ir.com\/index.php?rest_route=%2Fwp%2Fv2%2Fmedia&parent=2"}],"curies":[{"name":"wp","href":"https:\/\/api.w.org\/{rel}","templated":true}]}}